{"id":258,"date":"2026-02-03T17:19:19","date_gmt":"2026-02-03T17:19:19","guid":{"rendered":"https:\/\/somosgaia.com\/?page_id=258"},"modified":"2026-02-03T17:35:55","modified_gmt":"2026-02-03T17:35:55","slug":"sobre-somos-gaia","status":"publish","type":"page","link":"https:\/\/somosgaia.com\/es\/sobre-somos-gaia\/","title":{"rendered":"Sobre Somos Gaia"},"content":{"rendered":"<div data-elementor-type=\"wp-page\" data-elementor-id=\"258\" class=\"elementor elementor-258\">\n\t\t\t\t<div class=\"elementor-element elementor-element-4525ba2e e-flex e-con-boxed e-con e-parent\" data-id=\"4525ba2e\" data-element_type=\"container\" data-e-type=\"container\" data-settings=\"{&quot;background_background&quot;:&quot;classic&quot;}\">\n\t\t\t\t\t<div class=\"e-con-inner\">\n\t\t\t\t<div class=\"elementor-element elementor-element-61606456 elementor-widget elementor-widget-heading\" data-id=\"61606456\" data-element_type=\"widget\" data-e-type=\"widget\" data-widget_type=\"heading.default\">\n\t\t\t\t\t<h1 class=\"elementor-heading-title elementor-size-default\">Nuestra Esencia<\/h1>\t\t\t\t<\/div>\n\t\t\t\t<div class=\"elementor-element elementor-element-107eac86 elementor-widget elementor-widget-heading\" data-id=\"107eac86\" data-element_type=\"widget\" data-e-type=\"widget\" data-widget_type=\"heading.default\">\n\t\t\t\t\t<h5 class=\"elementor-heading-title elementor-size-default\">\"Haciendo que el bienestar sea accesible, local y humano.\"<\/h5>\t\t\t\t<\/div>\n\t\t\t\t\t<\/div>\n\t\t\t\t<\/div>\n\t\t<div class=\"elementor-element elementor-element-5301508d e-con-full e-flex e-con e-parent\" data-id=\"5301508d\" data-element_type=\"container\" data-e-type=\"container\" data-settings=\"{&quot;background_background&quot;:&quot;classic&quot;}\">\n\t\t\t\t<div class=\"elementor-element elementor-element-43f2b2bf elementor-widget elementor-widget-heading\" data-id=\"43f2b2bf\" data-element_type=\"widget\" data-e-type=\"widget\" data-widget_type=\"heading.default\">\n\t\t\t\t\t<h3 class=\"elementor-heading-title elementor-size-default\">Somos Gaia<\/h3>\t\t\t\t<\/div>\n\t\t\n\t\t<div class=\"elementor-element elementor-element-64824260 elementor-widget elementor-widget-text-editor\" data-id=\"64824260\" data-element_type=\"widget\" data-e-type=\"widget\" data-widget_type=\"text-editor.default\">\n\t\t\t\t\t\t\t\t\t<p>En un mundo que corre cada vez m\u00e1s r\u00e1pido, nace como un refugio digital para quienes buscan pausar, sanar y reconectar. No somos solo un directorio; somos el puente entre la intenci\u00f3n de sanar y los espacios que lo hacen posible.<\/p>\t\t\t\t\t\t\t\t<\/div>\n\t\t\t\t<\/div>\n\t\t<div class=\"elementor-element elementor-element-7346fe30 e-con-full e-flex e-con e-parent\" data-id=\"7346fe30\" data-element_type=\"container\" data-e-type=\"container\" data-settings=\"{&quot;background_background&quot;:&quot;classic&quot;}\">\n\t\t\t\t<div class=\"elementor-element elementor-element-293cff15 elementor-widget-tablet__width-initial elementor-widget elementor-widget-image\" data-id=\"293cff15\" data-element_type=\"widget\" data-e-type=\"widget\" data-widget_type=\"image.default\">\n\t\t\t\t\t\t\t\t\t\t\t\t\t\t\t<img fetchpriority=\"high\" decoding=\"async\" width=\"272\" height=\"300\" src=\"https:\/\/somosgaia.com\/wp-content\/uploads\/2026\/02\/Transform-Your-Mind-Body-272x300.jpg\" class=\"attachment-listingpro-thumb4 size-listingpro-thumb4 wp-image-265\" alt=\"\" \/>\t\t\t\t\t\t\t\t\t\t\t\t\t\t\t<\/div>\n\t\t<div class=\"elementor-element elementor-element-74cab7c6 e-con-full e-flex e-con e-child\" data-id=\"74cab7c6\" data-element_type=\"container\" data-e-type=\"container\">\n\t\t\t\t<div class=\"elementor-element elementor-element-62e1f27 elementor-widget elementor-widget-heading\" data-id=\"62e1f27\" data-element_type=\"widget\" data-e-type=\"widget\" data-widget_type=\"heading.default\">\n\t\t\t\t\t<h2 class=\"elementor-heading-title elementor-size-default\">Una palabra de\nnuestro Fundador<\/h2>\t\t\t\t<\/div>\n\t\t\t\t<div class=\"elementor-element elementor-element-4aaabfa0 elementor-widget-mobile__width-inherit elementor-widget elementor-widget-text-editor\" data-id=\"4aaabfa0\" data-element_type=\"widget\" data-e-type=\"widget\" data-widget_type=\"text-editor.default\">\n\t\t\t\t\t\t\t\t\t<p>Somos Gaia naci\u00f3 de la necesidad de unir los puntos entre quienes ofrecen sanaci\u00f3n y quienes la necesitan. Mi visi\u00f3n es que nadie se sienta solo en su b\u00fasqueda de bienestar y que cada facilitador tenga una &#8216;casa&#8217; digital donde brillar.<\/p>\t\t\t\t\t\t\t\t<\/div>\n\t\t\t\t<\/div>\n\t\t\t\t<\/div>\n\t\t<div class=\"elementor-element elementor-element-454b0d67 e-flex e-con-boxed e-con e-parent\" data-id=\"454b0d67\" data-element_type=\"container\" data-e-type=\"container\" data-settings=\"{&quot;background_background&quot;:&quot;classic&quot;}\">\n\t\t\t\t\t<div class=\"e-con-inner\">\n\t\t\t\t<div class=\"elementor-element elementor-element-7cbbe66a elementor-widget elementor-widget-heading\" data-id=\"7cbbe66a\" data-element_type=\"widget\" data-e-type=\"widget\" data-widget_type=\"heading.default\">\n\t\t\t\t\t<h1 class=\"elementor-heading-title elementor-size-default\">\u00bfListo para ser parte de\nesta red de luz?<\/h1>\t\t\t\t<\/div>\n\t\t\t\t<div class=\"elementor-element elementor-element-6a03c5b7 elementor-widget elementor-widget-heading\" data-id=\"6a03c5b7\" data-element_type=\"widget\" data-e-type=\"widget\" data-widget_type=\"heading.default\">\n\t\t\t\t\t<h5 class=\"elementor-heading-title elementor-size-default\">\u00danete a la comunidad m\u00e1s grande de bienestar en el pa\u00eds.<\/h5>\t\t\t\t<\/div>\n\t\t\t\t<div class=\"elementor-element elementor-element-76645ae5 elementor-align-center elementor-widget elementor-widget-button\" data-id=\"76645ae5\" data-element_type=\"widget\" data-e-type=\"widget\" data-widget_type=\"button.default\">\n\t\t\t\t\t\t\t\t\t\t<a class=\"elementor-button elementor-button-link elementor-size-sm\" href=\"https:\/\/library.elementor.com\/local-services-wireframe-1\/contact\/\">\n\t\t\t\t\t\t<span class=\"elementor-button-content-wrapper\">\n\t\t\t\t\t\t\t\t\t<span class=\"elementor-button-text\">Crea tu perfil \/ Publicar<\/span>\n\t\t\t\t\t<\/span>\n\t\t\t\t\t<\/a>\n\t\t\t\t\t\t\t\t<\/div>\n\t\t\t\t\t<\/div>\n\t\t\t\t<\/div>\n\t\t\t\t<\/div>","protected":false},"excerpt":{"rendered":"<p>Nuestra Esencia &#8220;Haciendo que el bienestar sea accesible, local y humano.&#8221; Somos Gaia En un mundo que corre cada vez m\u00e1s r\u00e1pido, nace como un refugio digital para quienes buscan pausar, sanar y reconectar. No somos solo un directorio; somos el puente entre la intenci\u00f3n de sanar y los espacios que lo hacen posible. Una [&hellip;]<\/p>\n","protected":false},"author":1,"featured_media":0,"parent":0,"menu_order":0,"comment_status":"closed","ping_status":"closed","template":"","meta":{"_eb_attr":"","_srk_meta_title":"","_srk_meta_description":"","_srk_robots_meta":[],"_srk_canonical_url":"","_srk_advanced_settings":[],"_srk_last_sync":0,"footnotes":""},"class_list":["post-258","page","type-page","status-publish","hentry"],"cubewp_post_meta":[],"taxonomies":[],"_hostinger_reach_plugin_has_subscription_block":false,"_hostinger_reach_plugin_is_elementor":false,"rttpg_featured_image_url":null,"rttpg_author":{"display_name":"realslashcobain","author_link":"https:\/\/somosgaia.com\/es\/author\/realslashcobain\/"},"rttpg_comment":0,"rttpg_category":null,"rttpg_excerpt":"Nuestra Esencia &#8220;Haciendo que el bienestar sea accesible, local y humano.&#8221; Somos Gaia En un mundo que corre cada vez m\u00e1s r\u00e1pido, nace como un refugio digital para quienes buscan pausar, sanar y reconectar. No somos solo un directorio; somos el puente entre la intenci\u00f3n de sanar y los espacios que lo hacen posible. Una&hellip;","_links":{"self":[{"href":"https:\/\/somosgaia.com\/es\/wp-json\/wp\/v2\/pages\/258","targetHints":{"allow":["GET"]}}],"collection":[{"href":"https:\/\/somosgaia.com\/es\/wp-json\/wp\/v2\/pages"}],"about":[{"href":"https:\/\/somosgaia.com\/es\/wp-json\/wp\/v2\/types\/page"}],"author":[{"embeddable":true,"href":"https:\/\/somosgaia.com\/es\/wp-json\/wp\/v2\/users\/1"}],"replies":[{"embeddable":true,"href":"https:\/\/somosgaia.com\/es\/wp-json\/wp\/v2\/comments?post=258"}],"version-history":[{"count":7,"href":"https:\/\/somosgaia.com\/es\/wp-json\/wp\/v2\/pages\/258\/revisions"}],"predecessor-version":[{"id":271,"href":"https:\/\/somosgaia.com\/es\/wp-json\/wp\/v2\/pages\/258\/revisions\/271"}],"wp:attachment":[{"href":"https:\/\/somosgaia.com\/es\/wp-json\/wp\/v2\/media?parent=258"}],"curies":[{"name":"wp","href":"https:\/\/api.w.org\/{rel}","templated":true}]}}