{"id":391,"date":"2026-04-01T03:55:49","date_gmt":"2026-04-01T03:55:49","guid":{"rendered":"https:\/\/somosgaia.com\/?page_id=391"},"modified":"2026-04-08T14:33:39","modified_gmt":"2026-04-08T14:33:39","slug":"espacios-de-sanacion","status":"publish","type":"page","link":"https:\/\/somosgaia.com\/es\/espacios-de-sanacion\/","title":{"rendered":"Espacios de Sanaci\u00f3n"},"content":{"rendered":"\t\t<div data-elementor-type=\"wp-page\" data-elementor-id=\"391\" class=\"elementor elementor-391\">\n\t\t\t\t<div class=\"elementor-element elementor-element-47c1825a e-flex e-con-boxed e-con e-parent\" data-id=\"47c1825a\" data-element_type=\"container\" data-e-type=\"container\" data-settings=\"{&quot;background_background&quot;:&quot;classic&quot;,&quot;shape_divider_bottom&quot;:&quot;mountains&quot;}\">\n\t\t\t\t\t<div class=\"e-con-inner\">\n\t\t\t\t<div class=\"elementor-shape elementor-shape-bottom\" aria-hidden=\"true\" data-negative=\"false\">\n\t\t\t<svg xmlns=\"http:\/\/www.w3.org\/2000\/svg\" viewBox=\"0 0 1000 100\" preserveAspectRatio=\"none\">\n\t<path class=\"elementor-shape-fill\" opacity=\"0.33\" d=\"M473,67.3c-203.9,88.3-263.1-34-320.3,0C66,119.1,0,59.7,0,59.7V0h1000v59.7 c0,0-62.1,26.1-94.9,29.3c-32.8,3.3-62.8-12.3-75.8-22.1C806,49.6,745.3,8.7,694.9,4.7S492.4,59,473,67.3z\"\/>\n\t<path class=\"elementor-shape-fill\" opacity=\"0.66\" d=\"M734,67.3c-45.5,0-77.2-23.2-129.1-39.1c-28.6-8.7-150.3-10.1-254,39.1 s-91.7-34.4-149.2,0C115.7,118.3,0,39.8,0,39.8V0h1000v36.5c0,0-28.2-18.5-92.1-18.5C810.2,18.1,775.7,67.3,734,67.3z\"\/>\n\t<path class=\"elementor-shape-fill\" d=\"M766.1,28.9c-200-57.5-266,65.5-395.1,19.5C242,1.8,242,5.4,184.8,20.6C128,35.8,132.3,44.9,89.9,52.5C28.6,63.7,0,0,0,0 h1000c0,0-9.9,40.9-83.6,48.1S829.6,47,766.1,28.9z\"\/>\n<\/svg>\t\t<\/div>\n\t\t\t\t<div class=\"elementor-element elementor-element-6ffd4794 elementor-widget elementor-widget-heading\" data-id=\"6ffd4794\" data-element_type=\"widget\" data-e-type=\"widget\" data-widget_type=\"heading.default\">\n\t\t\t\t\t<h1 class=\"elementor-heading-title elementor-size-default\">Espacios conscientes<\/h1>\t\t\t\t<\/div>\n\t\t\t\t<div class=\"elementor-element elementor-element-40a8690d elementor-widget elementor-widget-heading\" data-id=\"40a8690d\" data-element_type=\"widget\" data-e-type=\"widget\" data-widget_type=\"heading.default\">\n\t\t\t\t\t<h5 class=\"elementor-heading-title elementor-size-default\">Encuentra centros, salas y lugares dise\u00f1ados para el bienestar y la sanaci\u00f3n.<\/h5>\t\t\t\t<\/div>\n\t\t\t\t<div class=\"elementor-element elementor-element-3661f6ea elementor-align-center elementor-widget elementor-widget-button\" data-id=\"3661f6ea\" data-element_type=\"widget\" data-e-type=\"widget\" data-widget_type=\"button.default\">\n\t\t\t\t\t\t\t\t\t\t<a class=\"elementor-button elementor-button-link elementor-size-sm\" href=\"https:\/\/somosgaia.com\/submit-listing\/\">\n\t\t\t\t\t\t<span class=\"elementor-button-content-wrapper\">\n\t\t\t\t\t\t\t\t\t<span class=\"elementor-button-text\">Publica tu Espacio<\/span>\n\t\t\t\t\t<\/span>\n\t\t\t\t\t<\/a>\n\t\t\t\t\t\t\t\t<\/div>\n\t\t\t\t\t<\/div>\n\t\t\t\t<\/div>\n\t\t<div class=\"elementor-element elementor-element-2f5479a e-flex e-con-boxed e-con e-parent\" data-id=\"2f5479a\" data-element_type=\"container\" data-e-type=\"container\" data-settings=\"{&quot;shape_divider_top&quot;:&quot;mountains&quot;,&quot;background_background&quot;:&quot;classic&quot;}\">\n\t\t\t\t\t<div class=\"e-con-inner\">\n\t\t\t\t<div class=\"elementor-shape elementor-shape-top\" aria-hidden=\"true\" data-negative=\"false\">\n\t\t\t<svg xmlns=\"http:\/\/www.w3.org\/2000\/svg\" viewBox=\"0 0 1000 100\" preserveAspectRatio=\"none\">\n\t<path class=\"elementor-shape-fill\" opacity=\"0.33\" d=\"M473,67.3c-203.9,88.3-263.1-34-320.3,0C66,119.1,0,59.7,0,59.7V0h1000v59.7 c0,0-62.1,26.1-94.9,29.3c-32.8,3.3-62.8-12.3-75.8-22.1C806,49.6,745.3,8.7,694.9,4.7S492.4,59,473,67.3z\"\/>\n\t<path class=\"elementor-shape-fill\" opacity=\"0.66\" d=\"M734,67.3c-45.5,0-77.2-23.2-129.1-39.1c-28.6-8.7-150.3-10.1-254,39.1 s-91.7-34.4-149.2,0C115.7,118.3,0,39.8,0,39.8V0h1000v36.5c0,0-28.2-18.5-92.1-18.5C810.2,18.1,775.7,67.3,734,67.3z\"\/>\n\t<path class=\"elementor-shape-fill\" d=\"M766.1,28.9c-200-57.5-266,65.5-395.1,19.5C242,1.8,242,5.4,184.8,20.6C128,35.8,132.3,44.9,89.9,52.5C28.6,63.7,0,0,0,0 h1000c0,0-9.9,40.9-83.6,48.1S829.6,47,766.1,28.9z\"\/>\n<\/svg>\t\t<\/div>\n\t\t\t\t<div class=\"elementor-element elementor-element-20ca998 elementor-widget__width-inherit elementor-invisible elementor-widget elementor-widget-heading\" data-id=\"20ca998\" data-element_type=\"widget\" data-e-type=\"widget\" data-settings=\"{&quot;_animation&quot;:&quot;zoomIn&quot;}\" data-widget_type=\"heading.default\">\n\t\t\t\t\t<h1 class=\"elementor-heading-title elementor-size-default\">Espacios conscientes<\/h1>\t\t\t\t<\/div>\n\t\t\t\t\t<\/div>\n\t\t\t\t<\/div>\n\t\t<div class=\"elementor-element elementor-element-79ad5a6 e-flex e-con-boxed e-con e-parent\" data-id=\"79ad5a6\" data-element_type=\"container\" data-e-type=\"container\" data-settings=\"{&quot;background_background&quot;:&quot;classic&quot;}\">\n\t\t\t\t\t<div class=\"e-con-inner\">\n\t\t\n\t\t<div class=\"elementor-element elementor-element-10b48d3 elementor-widget elementor-widget-listing-by\" data-id=\"10b48d3\" data-element_type=\"widget\" data-e-type=\"widget\" data-widget_type=\"listing-by.default\">\n\t\t\t\t<div class=\"elementor-widget-container\">\n\t\t\t\t\t\n        <div class=\"listing-simple listing_list_view listingcampaings\">\n            <div class=\"lp-list-page-grid row\" id=\"content-grids\" ><div class=\"md-overlay\"><\/div>\n            <\/div>\n        <\/div><div class=\" padding-top-40 padding-bottom-40 clearfix\">\t\n\t\t<div class=\"col-md-12 lp-grid-box-contianer list_view card1 lp-grid-box-contianer1 \" data-title=\"Bella Sant\u00e9 Day Spa Med Spa\" data-postid=\"31\" data-lattitue=\"\" data-longitute=\"\" data-posturl=\"https:\/\/somosgaia.com\/es\/Anuncios\/bella-sante-day-spa-med-spa\/\" data-lppinurl=\"https:\/\/somosgaia.com\/wp-content\/themes\/listingpro\/assets\/images\/pins\/pin.png\">\n\t\t\t\t\t\t<div class=\"lp-grid-box lp-border lp-border-radius-8\">\n\t\t\t\t<div class=\"lp-grid-box-thumb-container\">\n\t\t\t\t\t<div class=\"lp-grid-box-thumb\">\n\t\t\t\t\t\t<div class=\"show\">\n\t\t\t\t\t\t\t<a href='https:\/\/somosgaia.com\/es\/Anuncios\/bella-sante-day-spa-med-spa\/' >\n                                                               <img alt='image' src='https:\/\/somosgaia.com\/wp-content\/themes\/listingpro\/assets\/images\/default\/placeholder.png' \/>\n                                                            <\/a>\t\t\t\t\t\t<\/div>\n\t\t\t\t\t\t<div class=\"hide\">\n\t\t\t\t\t\t\t<a href='https:\/\/somosgaia.com\/es\/Anuncios\/bella-sante-day-spa-med-spa\/' >\n                                                               <img alt='image' src='https:\/\/somosgaia.com\/wp-content\/themes\/listingpro\/assets\/images\/default\/placeholder.png' \/>\n                                                            <\/a>\t\t\t\t\t\t<\/div>\n\t\t\t\t\t<\/div><!-- ..\/grid-box-thumb -->\n\t\t\t\t\t<div class=\"lp-grid-box-quick\">\n\t\t\t\t\t\t<ul class=\"lp-post-quick-links\">\n\t\t\t\t\t\t\t<li>\n\t\t\t\t\t\t\t\t<a href=\"#\" data-post-type=\"grids\" data-post-id=\"31\" data-success-text=\"Saved\" class=\"status-btn add-to-fav lp-add-to-fav\">\n\t\t\t\t\t\t\t\t\t<i class=\"fa-regular fa-bookmark-o\"><\/i> <span>Save<\/span>\n\t\t\t\t\t\t\t\t<\/a>\n\t\t\t\t\t\t\t<\/li>\n\t\t\t\t\t\t\t<li>\n\t\t\t\t\t\t\t\t<a class=\"icon-quick-eye md-trigger qickpopup\" data-mappin=\"https:\/\/somosgaia.com\/wp-content\/themes\/listingpro\/assets\/images\/pins\/pin.png\" data-modal=\"modal-131\"><i class=\"fa fa-eye\"><\/i> Preview<\/a>\n\t\t\t\t\t\t\t<\/li>\n\t\t\t\t\t\t<\/ul>\n\t\t\t\t\t<\/div><!-- ..\/grid-box-quick-->\n\t\t\t\t<\/div>\n\t\t\t\t<div class=\"lp-grid-box-description \">\n\t\t\t\t\t<div class=\"lp-grid-box-left pull-left\">\n\t\t\t\t\t\t<h4 class=\"lp-h4\">\n\t\t\t\t\t\t\t<a href=\"https:\/\/somosgaia.com\/es\/Anuncios\/bella-sante-day-spa-med-spa\/\">\n\t\t\t\t\t\t\t\t\t\t\t\t\t\t\t\t<!--<span class=\"listing-pro\">Ad<\/span>-->\n\t\t\t\t\t\t\t\tBella Sant\u00e9 Day Spa Med Spa\t\t\t\t\t\t\t\t\t\t\t\t\t\t\t<\/a>\n\t\t\t\t\t\t<\/h4>\n\t\t\t\t\t\t<ul>\n\t\t\t\t\t\t\t\t\t\t\t\t\t\t<li class=\"middle\">\n\t\t\t\t\t\t\t\t\t\t\t\t\t\t\t<\/li>\n\t\t\t\t\t\t\t<li>\n\t\t\t\t\t\t\t\t<span class=\"cat-icon\"><img decoding=\"async\" class=\"icon icons8-Food\" src=\"https:\/\/somosgaia.com\/wp-content\/uploads\/2026\/04\/es-300x200.png\" alt=\"cat-icon\"><\/span>\n\t\t\t\t\t\t\t\t\t\t\t\t\t\t\t<a href=\"https:\/\/somosgaia.com\/es\/anuncios-category\/espacios\/\">\n\t\t\t\t\t\t\t\t\t\t\t\t\t\t\t\tEspacios de Sanaci\u00f3n\n\t\t\t\t\t\t\t\t\t\t\t\t\t\t\t<\/a>\t\t\t\t\t\t\t<\/li>\n\t\t\t\t\t\t<\/ul>\n\t\t\t\t\t\t\t\t\t\t\t<\/div>\n\t\t\t\t\t<div class=\"lp-grid-box-right pull-right\">\n\t\t\t\t\t<\/div>\n\t\t\t\t<\/div>\n\t\t\t\t\t\t\t<\/div>\n\t\t<\/div>\n\t\n\t\n\t<\/div>\t\t\t\t<\/div>\n\t\t\t\t<\/div>\n\t\t\t\t\t<\/div>\n\t\t\t\t<\/div>\n\t\t<div class=\"elementor-element elementor-element-a2d00f1 e-flex e-con-boxed e-con e-parent\" data-id=\"a2d00f1\" data-element_type=\"container\" data-e-type=\"container\" data-settings=\"{&quot;background_background&quot;:&quot;classic&quot;}\">\n\t\t\t\t\t<div class=\"e-con-inner\">\n\t\t\t\t<div class=\"elementor-element elementor-element-9b0cdf3 elementor-widget elementor-widget-html\" data-id=\"9b0cdf3\" data-element_type=\"widget\" data-e-type=\"widget\" data-widget_type=\"html.default\">\n\t\t\t\t\t<!DOCTYPE html>\r\n<html lang=\"es\">\r\n<head>\r\n    <meta charset=\"UTF-8\">\r\n    <meta name=\"viewport\" content=\"width=device-width, initial-scale=1.0\">\r\n    <title>Lleva esto a tu proyecto - Somos Gaia<\/title>\r\n    <!-- Tailwind CSS -->\r\n    <script src=\"https:\/\/cdn.tailwindcss.com\"><\/script>\r\n    <!-- Google Fonts: Inter para textos y Lora para t\u00edtulos -->\r\n    <link rel=\"preconnect\" href=\"https:\/\/fonts.googleapis.com\">\r\n    <link rel=\"preconnect\" href=\"https:\/\/fonts.gstatic.com\" crossorigin>\r\n    <link href=\"https:\/\/fonts.googleapis.com\/css2?family=Inter:wght@300;400;500;600&family=Lora:ital,wght@0,400;0,500;0,600;1,400&display=swap\" rel=\"stylesheet\">\r\n    <script>\r\n        tailwind.config = {\r\n            theme: {\r\n                extend: {\r\n                    fontFamily: {\r\n                        sans: ['Inter', 'sans-serif'],\r\n                        serif: ['Lora', 'serif'],\r\n                    },\r\n                    colors: {\r\n                        gaia: {\r\n                            bgBody: '#F5F4EE',     \/* Fondo general m\u00e1s oscuro (crema) *\/\r\n                            bgCard: '#FCFBF7',     \/* Fondo de la tarjeta casi blanco *\/\r\n                            textDark: '#2A332B',   \/* Texto oscuro *\/\r\n                            textMuted: '#6A7067',  \/* Texto secundario *\/\r\n                            borderLight: '#E6E3DB', \/* Bordes suaves *\/\r\n                            accent: '#8A9A86'      \/* Verde salvia suave *\/\r\n                        }\r\n                    }\r\n                }\r\n            }\r\n        }\r\n    <\/script>\r\n<\/head>\r\n<body class=\"bg-gaia-bgBody text-gaia-textDark font-sans antialiased py-32 px-4\">\r\n\r\n    <!-- Contenedor Principal mucho m\u00e1s ancho -->\r\n    <div class=\"max-w-[1600px] mx-auto\">\r\n        \r\n        <!-- Encabezado de la Secci\u00f3n -->\r\n        <div class=\"text-center mb-24 md:mb-32\">\r\n            <h2 class=\"font-serif text-[4rem] md:text-[6rem] lg:text-[7rem] text-gaia-textDark mb-6 md:mb-10 leading-tight\">\r\n                \u00bfQuieres llevar esto a tu proyecto?\r\n            <\/h2>\r\n            <p class=\"font-sans text-[2rem] md:text-[2.5rem] text-gaia-textMuted font-light\">\r\n                Te acompa\u00f1amos a integrar tecnolog\u00eda en tu camino\r\n            <\/p>\r\n        <\/div>\r\n\r\n        <!-- Grid de Tarjetas (2 columnas) con mucha separaci\u00f3n -->\r\n        <div class=\"grid grid-cols-1 md:grid-cols-2 gap-12 md:gap-20 lg:gap-24\">\r\n            \r\n            <!-- Tarjeta 1: El Flujo Infinito -->\r\n            <div class=\"bg-gaia-bgCard rounded-[48px] lg:rounded-[64px] p-16 md:p-24 flex flex-col items-center text-center shadow-[0_8px_30px_rgba(0,0,0,0.03)] border-[2px] border-white\/60 transition-transform duration-300 hover:-translate-y-4\">\r\n                \r\n                <!-- \u00cdcono SVG (Flujo Infinito) GIGANTE -->\r\n                <div class=\"w-48 h-36 md:w-64 md:h-48 mb-12 text-[#B8A388]\">\r\n                    <svg viewBox=\"0 0 100 60\" fill=\"none\" stroke=\"currentColor\" stroke-width=\"2\" stroke-linecap=\"round\" stroke-linejoin=\"round\" class=\"w-full h-full\">\r\n                        <!-- S\u00edmbolo Infinito principal -->\r\n                        <path d=\"M30 30 C15 15, 10 40, 30 40 C50 40, 50 20, 70 20 C90 20, 85 45, 70 30\" stroke=\"#8A9A86\" stroke-width=\"3\"\/>\r\n                        <!-- Ondas de agua \/ flujo -->\r\n                        <path d=\"M10 50 Q 25 40 50 50 T 90 50\" stroke=\"#7BA4B8\" stroke-width=\"2.5\" opacity=\"0.8\"\/>\r\n                        <path d=\"M20 55 Q 35 48 50 55 T 80 55\" stroke=\"#7BA4B8\" stroke-width=\"1.5\" opacity=\"0.5\"\/>\r\n                        <!-- Hoja brotando -->\r\n                        <path d=\"M70 20 Q 75 5 85 10 Q 80 20 70 20 Z\" fill=\"#8A9A86\" stroke=\"none\" opacity=\"0.9\"\/>\r\n                        <!-- Puntos decorativos (tecnolog\u00eda) -->\r\n                        <circle cx=\"20\" cy=\"20\" r=\"1.5\" fill=\"#B8A388\"\/>\r\n                        <circle cx=\"45\" cy=\"15\" r=\"1.5\" fill=\"#B8A388\"\/>\r\n                        <circle cx=\"85\" cy=\"35\" r=\"1.5\" fill=\"#B8A388\"\/>\r\n                        <line x1=\"20\" y1=\"20\" x2=\"20\" y2=\"35\" stroke=\"#B8A388\" stroke-dasharray=\"2 2\" stroke-width=\"1\"\/>\r\n                        <line x1=\"45\" y1=\"15\" x2=\"45\" y2=\"25\" stroke=\"#B8A388\" stroke-dasharray=\"2 2\" stroke-width=\"1\"\/>\r\n                    <\/svg>\r\n                <\/div>\r\n\r\n                <h3 class=\"font-serif text-[3rem] md:text-[4.5rem] text-gaia-textDark mb-8 leading-tight\">El Flujo Infinito<\/h3>\r\n                <p class=\"font-sans text-[1.5rem] md:text-[2rem] text-gaia-textMuted leading-relaxed mb-16 flex-grow\">\r\n                    Sistemas digitales fluidos y sostenibles para expandir tu impacto consciente. Dise\u00f1amos ecosistemas de contenido y herramientas que crecen a tu ritmo, sin perder la conexi\u00f3n.\r\n                <\/p>\r\n                <a href=\"https:\/\/somosgaia.com\/soluciones\/\" class=\"inline-block border-[3px] border-[#C5B8A5] text-[#4A554A] font-medium text-[1.5rem] md:text-[1.8rem] px-12 py-6 md:px-16 md:py-8 rounded-full hover:bg-[#F3F0E9] hover:border-[#A39682] transition-colors duration-300\">\r\n                    Conocer m\u00e1s flow\r\n                <\/a>\r\n            <\/div>\r\n\r\n            <!-- Tarjeta 2: Santuario Digital -->\r\n            <div class=\"bg-gaia-bgCard rounded-[48px] lg:rounded-[64px] p-16 md:p-24 flex flex-col items-center text-center shadow-[0_8px_30px_rgba(0,0,0,0.03)] border-[2px] border-white\/60 transition-transform duration-300 hover:-translate-y-4\">\r\n                \r\n                <!-- \u00cdcono SVG (Santuario Digital) GIGANTE -->\r\n                <div class=\"w-48 h-36 md:w-64 md:h-48 mb-12 text-[#B8A388]\">\r\n                    <svg viewBox=\"0 0 100 60\" fill=\"none\" stroke=\"currentColor\" stroke-width=\"2\" stroke-linecap=\"round\" stroke-linejoin=\"round\" class=\"w-full h-full\">\r\n                        <!-- Templo \/ Estructura -->\r\n                        <path d=\"M15 45 L15 30 M25 45 L25 30 M35 45 L35 30\" stroke=\"#B8A388\" stroke-width=\"3\"\/>\r\n                        <path d=\"M10 30 L40 30 L25 15 Z\" fill=\"#F0EBE1\" stroke=\"#B8A388\" stroke-width=\"2\"\/>\r\n                        <line x1=\"5\" y1=\"45\" x2=\"45\" y2=\"45\" stroke=\"#B8A388\" stroke-width=\"3\"\/>\r\n                        <line x1=\"10\" y1=\"50\" x2=\"40\" y2=\"50\" stroke=\"#B8A388\" stroke-width=\"2\"\/>\r\n                        <!-- Escudo -->\r\n                        <path d=\"M50 20 L65 15 L80 20 C80 35 70 45 65 50 C60 45 50 35 50 20 Z\" fill=\"#8A9A86\" stroke=\"#687864\" stroke-width=\"2\" opacity=\"0.8\"\/>\r\n                        <!-- Check dentro del escudo -->\r\n                        <path d=\"M57 30 L63 36 L73 24\" stroke=\"#FFF\" stroke-width=\"2.5\"\/>\r\n                        <!-- Nodos de red \/ \u00c1rbol (Tecnolog\u00eda conectada) -->\r\n                        <circle cx=\"65\" cy=\"5\" r=\"2\" fill=\"#D4C3A3\"\/>\r\n                        <circle cx=\"55\" cy=\"10\" r=\"2\" fill=\"#D4C3A3\"\/>\r\n                        <circle cx=\"75\" cy=\"10\" r=\"2\" fill=\"#D4C3A3\"\/>\r\n                        <line x1=\"65\" y1=\"5\" x2=\"55\" y2=\"10\" stroke=\"#D4C3A3\" stroke-width=\"1\"\/>\r\n                        <line x1=\"65\" y1=\"5\" x2=\"75\" y2=\"10\" stroke=\"#D4C3A3\" stroke-width=\"1\"\/>\r\n                        <line x1=\"65\" y1=\"5\" x2=\"65\" y2=\"15\" stroke=\"#D4C3A3\" stroke-width=\"1\"\/>\r\n                    <\/svg>\r\n                <\/div>\r\n\r\n                <h3 class=\"font-serif text-[3rem] md:text-[4.5rem] text-gaia-textDark mb-8 leading-tight\">Santuario Digital<\/h3>\r\n                <p class=\"font-sans text-[1.5rem] md:text-[2rem] text-gaia-textMuted leading-relaxed mb-16 flex-grow\">\r\n                    Sitios web y aplicaciones como espacios sagrados de luz. Creamos entornos digitales que cuidan a tus visitantes, integrando est\u00e9tica elevada y prop\u00f3sito.\r\n                <\/p>\r\n                <a href=\"https:\/\/somosgaia.com\/soluciones\/\" class=\"inline-block border-[3px] border-[#C5B8A5] text-[#4A554A] font-medium text-[1.5rem] md:text-[1.8rem] px-12 py-6 md:px-16 md:py-8 rounded-full hover:bg-[#F3F0E9] hover:border-[#A39682] transition-colors duration-300\">\r\n                    Elevar mi presencia\r\n                <\/a>\r\n            <\/div>\r\n\r\n        <\/div>\r\n    <\/div>\r\n\r\n<\/body>\r\n<\/html>\t\t\t\t<\/div>\n\t\t\t\t\t<\/div>\n\t\t\t\t<\/div>\n\t\t\t\t<\/div>\n\t\t","protected":false},"excerpt":{"rendered":"<p>Espacios conscientes Encuentra centros, salas y lugares dise\u00f1ados para el bienestar y la sanaci\u00f3n. Publica tu Espacio Espacios conscientes Lleva esto a tu proyecto &#8211; Somos Gaia \u00bfQuieres llevar esto a tu proyecto? Te acompa\u00f1amos a integrar tecnolog\u00eda en tu camino El Flujo Infinito Sistemas digitales fluidos y sostenibles para expandir tu impacto consciente. Dise\u00f1amos [&hellip;]<\/p>\n","protected":false},"author":1,"featured_media":0,"parent":0,"menu_order":0,"comment_status":"closed","ping_status":"closed","template":"","meta":{"_eb_attr":"","_srk_meta_title":"%title% %sep% %site_title%","_srk_meta_description":"%excerpt%","_srk_robots_meta":[],"_srk_canonical_url":"","_srk_advanced_settings":{"use_default_settings":true,"show_meta_box":true},"_srk_last_sync":1775658819,"footnotes":""},"class_list":["post-391","page","type-page","status-publish","hentry"],"cubewp_post_meta":[],"taxonomies":[],"_hostinger_reach_plugin_has_subscription_block":false,"_hostinger_reach_plugin_is_elementor":false,"rttpg_featured_image_url":null,"rttpg_author":{"display_name":"realslashcobain","author_link":"https:\/\/somosgaia.com\/es\/author\/realslashcobain\/"},"rttpg_comment":0,"rttpg_category":null,"rttpg_excerpt":"Espacios conscientes Encuentra centros, salas y lugares dise\u00f1ados para el bienestar y la sanaci\u00f3n. Publica tu Espacio Espacios conscientes Lleva esto a tu proyecto &#8211; Somos Gaia \u00bfQuieres llevar esto a tu proyecto? Te acompa\u00f1amos a integrar tecnolog\u00eda en tu camino El Flujo Infinito Sistemas digitales fluidos y sostenibles para expandir tu impacto consciente. Dise\u00f1amos&hellip;","_links":{"self":[{"href":"https:\/\/somosgaia.com\/es\/wp-json\/wp\/v2\/pages\/391","targetHints":{"allow":["GET"]}}],"collection":[{"href":"https:\/\/somosgaia.com\/es\/wp-json\/wp\/v2\/pages"}],"about":[{"href":"https:\/\/somosgaia.com\/es\/wp-json\/wp\/v2\/types\/page"}],"author":[{"embeddable":true,"href":"https:\/\/somosgaia.com\/es\/wp-json\/wp\/v2\/users\/1"}],"replies":[{"embeddable":true,"href":"https:\/\/somosgaia.com\/es\/wp-json\/wp\/v2\/comments?post=391"}],"version-history":[{"count":22,"href":"https:\/\/somosgaia.com\/es\/wp-json\/wp\/v2\/pages\/391\/revisions"}],"predecessor-version":[{"id":726,"href":"https:\/\/somosgaia.com\/es\/wp-json\/wp\/v2\/pages\/391\/revisions\/726"}],"wp:attachment":[{"href":"https:\/\/somosgaia.com\/es\/wp-json\/wp\/v2\/media?parent=391"}],"curies":[{"name":"wp","href":"https:\/\/api.w.org\/{rel}","templated":true}]}}